{"id":82,"date":"2019-04-23T20:17:14","date_gmt":"2019-04-23T20:17:14","guid":{"rendered":"http:\/\/loneseco-asso.fr\/?page_id=82"},"modified":"2025-05-12T10:04:40","modified_gmt":"2025-05-12T10:04:40","slug":"l-asso","status":"publish","type":"page","link":"https:\/\/loneseco-asso.fr\/?page_id=82","title":{"rendered":"L&rsquo;association"},"content":{"rendered":"\n<h6 style=\"text-align: justify;\"><b>Un \u00ab Soyons \u00bb id\u00e9al pour tous<\/b><\/h6>\n<p style=\"text-align: justify;\"><i><span style=\"font-weight: 400;\">\u00ab\u00a0Que voulons- pour notre commune\u00a0?<\/span><\/i><span style=\"font-weight: 400;\">\u00a0\u00bb. <\/span><\/p>\n<p style=\"text-align: justify;\"><span style=\"font-weight: 400;\">De cette question sont n\u00e9s discussions et \u00e9changes avec la municipalit\u00e9. <\/span><i><span style=\"font-weight: 400;\">\u00ab Puis, nous avons retrouss\u00e9 nos manches et mis nos id\u00e9es sur le papier \u00bb :<\/span><\/i><\/p>\n<ul style=\"text-align: justify;\">\n<li style=\"font-weight: 400;\"><span style=\"font-weight: 400;\">Revoir notre relation \u00e0 la Nature<\/span><\/li>\n<li style=\"font-weight: 400;\"><span style=\"font-weight: 400;\">Apprendre \u00e0 recycler\/transformer au lieu de jeter<\/span><\/li>\n<li style=\"font-weight: 400;\"><span style=\"font-weight: 400;\">Offrir un regard alternatif pour accompagner la transition \u00e9cologique gr\u00e2ce \u00e0 des solutions optimistes, locales, durables<\/span><\/li>\n<li style=\"font-weight: 400;\"><span style=\"font-weight: 400;\">Permettre \u00e0 chacun d\u2019\u00e9changer des connaissances et de partager de bons moments de convivialit\u00e9, quel que soit son \u00e2ge ou sa cat\u00e9gorie socio-professionnelle<\/span><\/li>\n<\/ul>\n<h6 style=\"text-align: justify;\"><b><img loading=\"lazy\" decoding=\"async\" class=\"aligncenter wp-image-183 size-full\" title=\"l\u00f4ne de l'Ove\" src=\"https:\/\/loneseco-asso.fr\/wp-content\/uploads\/2019\/04\/cropped-images.jpg\" alt=\"\" width=\"258\" height=\"92\" \/><\/b><\/h6>\n<h6 style=\"text-align: justify;\"><b>Une prise de conscience<\/b><\/h6>\n<p style=\"text-align: justify;\"><i><span style=\"font-weight: 400;\">\u00ab Car il est important de prendre soin de la terre qui nous nourrit. Chaque petite goutte a fait l\u2019oc\u00e9an, et si chacun de nous fait un petit peu, chacun \u00e0 son niveau, nous laisserons de l\u2019espoir aux g\u00e9n\u00e9rations futures \u00bb.<\/span><\/i><\/p>\n<h6 style=\"text-align: justify;\"><b>Les projets<\/b><\/h6>\n<p style=\"text-align: justify;\"><span style=\"font-weight: 400;\">Outre le Weekend \u00e9co, L\u00f4nes &amp;Co* (se prononce \u201clon\u00e9co\u201d) pr\u00e9voit non seulement l\u2019organisation de diff\u00e9rents ateliers \u00e0 th\u00e8me (DIY d\u00e9cos de No\u00ebl, sp\u00e9cial printemps, cosm\u00e9tique, produits m\u00e9nagers maison&#8230;), mais aussi des randonn\u00e9es \u00e9co-responsables, la r\u00e9alisation puis la mise en place de panneaux d\u2019information sur la faune et la flore locales, ou encore la cr\u00e9ation et la gestion de jardins partag\u00e9s.<\/span><\/p>\n<p style=\"text-align: justify;\"><span style=\"color: #999999;\"><i><span style=\"font-weight: 400;\">*\u00a0\u00ab\u00a0L\u00f4nes parce que les actions s\u2019articulent autour des L\u00f4nes de Soyons\u00a0; &amp;Co car le th\u00e8me principal est l\u2019\u00e9cologie et le respect de l\u2019environnement\u00a0\u00bb.<\/span><\/i><\/span><\/p>\n<h6 style=\"text-align: justify;\"><strong>Le d\u00e9but d&rsquo;une aventure<\/strong><\/h6>\n<p style=\"text-align: justify;\"><span style=\"font-weight: 400;\">L\u2019association est n\u00e9e, avec la volont\u00e9 de pr\u00e9server un endroit o\u00f9 il fait bon vivre et voir grandir les enfants, faire prendre conscience qu\u2019il est possible de consommer autrement par de simples gestes, f\u00e9d\u00e9rer les g\u00e9n\u00e9rations autour de l\u2019\u00e9cologie et de la nature\u2026<\/span><\/p>\n<h6 style=\"text-align: justify;\">Un travail collaboratif<\/h6>\n<p style=\"text-align: justify;\">En lien \u00e9troit avec la municipalit\u00e9, nous faisons partie de la Commission Cadre de Vie et Environnement sur la commune de Soyons.<\/p>\n<p style=\"text-align: justify;\">L&rsquo;association, la municipalit\u00e9 de Soyons et la Communaut\u00e9 de Communes Rh\u00f4ne Crussol (CCRC) ont sign\u00e9 en d\u00e9cembre 2021 un contrat tripartite pour installer un site de compostage collectif en plein c\u0153ur du village, accompagn\u00e9 d&rsquo;un jardin collaboratif auquel participent des habitants de Soyons, l&rsquo;\u00e9cole maternelle et le centre a\u00e9r\u00e9.<\/p>\n<h6 style=\"text-align: justify;\">Fonctionnement de l&rsquo;\u00e9quipe<\/h6>\n<p style=\"text-align: justify;\">Nous fonctionnons beaucoup par messagerie \u00e9lectronique. Parfois, les r\u00e9unions sont in\u00e9vitables et se font toujours dans la bonne humeur et sans prise de t\u00eate.<\/p>\n<p style=\"text-align: justify;\">Chacun \u00e0 voix au chapitre, tout le monde peut exprimer ses id\u00e9es et selon la pertinence, ces derni\u00e8res sont soumises au vote des pr\u00e9sents.<\/p>\n<p style=\"text-align: justify;\">La volont\u00e9 de proposer des animations de qualit\u00e9 est une force et nous nous effor\u00e7ons d&rsquo;\u00eatre \u00e0 la hauteur, sans pour autant perdre de vue notre vie de famille.<\/p>\n<h6 style=\"text-align: justify;\">B\u00e9n\u00e9volat<\/h6>\n<p style=\"text-align: justify;\"><strong>Aucune de nos actions ne peut avoir lieu sans les b\u00e9n\u00e9voles !<\/strong><\/p>\n<p style=\"text-align: justify;\">Nous en profitons d&rsquo;ailleurs pour les remercier chaleureusement pour l&rsquo;aide qu&rsquo;ils nous apportent.<\/p>\n<p style=\"text-align: justify;\">Les besoins sont vari\u00e9s, mais si vous souhaitez vous investir dans une association conviviale, <strong>n&rsquo;h\u00e9sitez pas \u00e0 nous contacter<\/strong> \u00e0 <a href=\"mailto:loneseco.asso@gmail.com\">loneseco.asso@gmail.com<\/a><\/p>\n<p style=\"text-align: justify;\">Nos besoins les plus ponctuels seront surtout lors du weekend \u00e9co du mois de juin (aide \u00e0 l&rsquo;installation le samedi matin, aide au rangement et d\u00e9montage le dimanche en fin d&rsquo;apr\u00e8s-midi, aide durant le weekend sur les stands d&rsquo;animation&#8230;), mais aussi pour les ateliers (pour animer).<\/p>\n<p style=\"text-align: justify;\">Des besoins \u00e9galement de fa\u00e7on plus r\u00e9guli\u00e8re au niveau du Potager de So\u00efo pour aider \u00e0 entretenir le jardin&#8230;<\/p>\n","protected":false},"excerpt":{"rendered":"<p>Un \u00ab Soyons \u00bb id\u00e9al pour tous \u00ab\u00a0Que voulons- pour notre commune\u00a0?\u00a0\u00bb. De cette question sont n\u00e9s discussions et \u00e9changes avec la municipalit\u00e9. \u00ab Puis, nous avons retrouss\u00e9 nos manches et mis nos id\u00e9es sur le papier \u00bb : Revoir notre relation \u00e0 la Nature Apprendre \u00e0 recycler\/transformer au lieu de jeter Offrir un regard &hellip; <a href=\"https:\/\/loneseco-asso.fr\/?page_id=82\" class=\"more-link\">Continuer la lecture de <span class=\"screen-reader-text\">L&rsquo;association<\/span>  <span class=\"meta-nav\">&rarr;<\/span><\/a><\/p>\n","protected":false},"author":1,"featured_media":0,"parent":0,"menu_order":0,"comment_status":"closed","ping_status":"closed","template":"","meta":{"footnotes":""},"class_list":["post-82","page","type-page","status-publish","hentry"],"_links":{"self":[{"href":"https:\/\/loneseco-asso.fr\/index.php?rest_route=\/wp\/v2\/pages\/82","targetHints":{"allow":["GET"]}}],"collection":[{"href":"https:\/\/loneseco-asso.fr\/index.php?rest_route=\/wp\/v2\/pages"}],"about":[{"href":"https:\/\/loneseco-asso.fr\/index.php?rest_route=\/wp\/v2\/types\/page"}],"author":[{"embeddable":true,"href":"https:\/\/loneseco-asso.fr\/index.php?rest_route=\/wp\/v2\/users\/1"}],"replies":[{"embeddable":true,"href":"https:\/\/loneseco-asso.fr\/index.php?rest_route=%2Fwp%2Fv2%2Fcomments&post=82"}],"version-history":[{"count":25,"href":"https:\/\/loneseco-asso.fr\/index.php?rest_route=\/wp\/v2\/pages\/82\/revisions"}],"predecessor-version":[{"id":1512,"href":"https:\/\/loneseco-asso.fr\/index.php?rest_route=\/wp\/v2\/pages\/82\/revisions\/1512"}],"wp:attachment":[{"href":"https:\/\/loneseco-asso.fr\/index.php?rest_route=%2Fwp%2Fv2%2Fmedia&parent=82"}],"curies":[{"name":"wp","href":"https:\/\/api.w.org\/{rel}","templated":true}]}}