{"id":793,"date":"2021-03-31T09:08:13","date_gmt":"2021-03-31T09:08:13","guid":{"rendered":"http:\/\/loneseco-asso.fr\/?page_id=793"},"modified":"2025-12-26T14:06:32","modified_gmt":"2025-12-26T14:06:32","slug":"les-jardins","status":"publish","type":"page","link":"https:\/\/loneseco-asso.fr\/?page_id=793","title":{"rendered":"Les jardins"},"content":{"rendered":"\n<p>L&rsquo;ann\u00e9e 2021 est une ann\u00e9e charni\u00e8re pour l&rsquo;association puisqu&rsquo;un contrat tripartite\u00a0avec la Commune de Soyons et la Communaut\u00e9 de Communes Rh\u00f4ne Crussol (CCRC) a permis de mettre en place le dernier volet de notre programme avec la cr\u00e9ation d&rsquo;un jardin collectif en plein c\u0153ur du village.<\/p>\n<p>Ce potager, situ\u00e9 \u00e0 proximit\u00e9 de l&rsquo;\u00e9cole de la Tour, permettra \u00e0 ceux qui le d\u00e9sire, de cultiver ses fleurs, ses fruits et ses l\u00e9gumes, de composter ses d\u00e9chets de cuisine, et d&rsquo;\u00e9changer avec les gens du quartier dans une ambiance bienveillante et conviviale.<\/p>\n<p><img loading=\"lazy\" decoding=\"async\" class=\"alignleft  wp-image-972\" src=\"https:\/\/loneseco-asso.fr\/wp-content\/uploads\/2021\/11\/1636926143287-1024x576.jpg\" alt=\"\" width=\"229\" height=\"129\" srcset=\"https:\/\/loneseco-asso.fr\/wp-content\/uploads\/2021\/11\/1636926143287-1024x576.jpg 1024w, https:\/\/loneseco-asso.fr\/wp-content\/uploads\/2021\/11\/1636926143287-300x169.jpg 300w, https:\/\/loneseco-asso.fr\/wp-content\/uploads\/2021\/11\/1636926143287-768x432.jpg 768w, https:\/\/loneseco-asso.fr\/wp-content\/uploads\/2021\/11\/1636926143287-1536x864.jpg 1536w, https:\/\/loneseco-asso.fr\/wp-content\/uploads\/2021\/11\/1636926143287-2048x1152.jpg 2048w, https:\/\/loneseco-asso.fr\/wp-content\/uploads\/2021\/11\/1636926143287-1600x900.jpg 1600w\" sizes=\"auto, (max-width: 229px) 100vw, 229px\" \/>Le terrain est mis gracieusement \u00e0 disposition de l&rsquo;association par la municipalit\u00e9 de Soyons et la CCRC a fourni 3 bacs de compostage collectif \u00e0 destination des habitants de Soyons.<\/p>\n<p>\u00a0<\/p>\n<p><img loading=\"lazy\" decoding=\"async\" class=\"wp-image-971 alignright\" src=\"https:\/\/loneseco-asso.fr\/wp-content\/uploads\/2021\/11\/1636926143273-1024x576.jpg\" alt=\"\" width=\"229\" height=\"129\" srcset=\"https:\/\/loneseco-asso.fr\/wp-content\/uploads\/2021\/11\/1636926143273-1024x576.jpg 1024w, https:\/\/loneseco-asso.fr\/wp-content\/uploads\/2021\/11\/1636926143273-300x169.jpg 300w, https:\/\/loneseco-asso.fr\/wp-content\/uploads\/2021\/11\/1636926143273-768x432.jpg 768w, https:\/\/loneseco-asso.fr\/wp-content\/uploads\/2021\/11\/1636926143273-1536x864.jpg 1536w, https:\/\/loneseco-asso.fr\/wp-content\/uploads\/2021\/11\/1636926143273-2048x1152.jpg 2048w, https:\/\/loneseco-asso.fr\/wp-content\/uploads\/2021\/11\/1636926143273-1600x900.jpg 1600w\" sizes=\"auto, (max-width: 229px) 100vw, 229px\" \/>Une formation aux bonnes pratiques de compostage a \u00e9t\u00e9 dispens\u00e9e par Marion BONNEAU, ma\u00eetre-composteur, aux personnes inscrites aupr\u00e8s de l&rsquo;association, que ce soit en tant que r\u00e9f\u00e9rents ou qu&rsquo;utilisateurs et des bio-seaux ont \u00e9t\u00e9 fournis par la CCRC aux personnes qui en ont fait la demande aupr\u00e8s de l&rsquo;association (06 51 12 12 17 ou <a href=\"mailto:loneseco.asso@gmail.com\">loneseco.asso@gmail.com<\/a>).<\/p>\n<p><img loading=\"lazy\" decoding=\"async\" class=\"alignleft  wp-image-973\" src=\"https:\/\/loneseco-asso.fr\/wp-content\/uploads\/2021\/11\/1636926143291-1024x576.jpg\" alt=\"\" width=\"229\" height=\"129\" srcset=\"https:\/\/loneseco-asso.fr\/wp-content\/uploads\/2021\/11\/1636926143291-1024x576.jpg 1024w, https:\/\/loneseco-asso.fr\/wp-content\/uploads\/2021\/11\/1636926143291-300x169.jpg 300w, https:\/\/loneseco-asso.fr\/wp-content\/uploads\/2021\/11\/1636926143291-768x432.jpg 768w, https:\/\/loneseco-asso.fr\/wp-content\/uploads\/2021\/11\/1636926143291-1536x864.jpg 1536w, https:\/\/loneseco-asso.fr\/wp-content\/uploads\/2021\/11\/1636926143291-2048x1152.jpg 2048w, https:\/\/loneseco-asso.fr\/wp-content\/uploads\/2021\/11\/1636926143291-1600x900.jpg 1600w\" sizes=\"auto, (max-width: 229px) 100vw, 229px\" \/>Le Conseil Municipal des Jeunes (CMJ) a \u00e9galement \u00e9t\u00e9 mis \u00e0 contribution puisque des id\u00e9es de noms pour ce jardin leur ont \u00e9t\u00e9 soumises et ils ont vot\u00e9 pour \u00ab\u00a0<strong>Le Potager de So\u00efo<\/strong>\u00a0\u00bb (So\u00efo \u00e9tant l&rsquo;ancien nom de la commune).<\/p>\n<p>\u00a0<\/p>\n<p>Une premi\u00e8re r\u00e9union de suivi a eu lieu le Lundi 20 D\u00e9cembre 2021, de 16h \u00e0 17h.<\/p>\n<p>Le 31 D\u00e9cembre 2021, une haie v\u00e9g\u00e9tale fleurie a \u00e9t\u00e9 plant\u00e9e en limite Nord du terrain par les b\u00e9n\u00e9voles et les membres de l&rsquo;association.<\/p>\n<p>Par la suite, une haie gourmande (framboises, groseilles, cassis&#8230;) sera install\u00e9e pour d\u00e9limiter le c\u00f4t\u00e9 Est du terrain et des r\u00e9cup\u00e9rateurs d&rsquo;eau seront raccord\u00e9s avec l&rsquo;aide des services techniques de la commune pr\u00e8s des bacs de compostage. Nous les remercions grandement pour leur contribution ! Ces r\u00e9cup\u00e9rateurs permettront d&rsquo;alimenter le jardin avec l&rsquo;eau de pluie r\u00e9cup\u00e9r\u00e9e de la toiture de l&rsquo;\u00e9cole maternelle.<\/p>\n<p>Enfin, la d\u00e9limitation des zones de culture se fera petit \u00e0 petit. Le centre a\u00e9r\u00e9 et les \u00e9l\u00e8ves de la maternelle pourront alors mener des activit\u00e9s ludiques et concr\u00e8tes sur place.<\/p>\n<p><strong>Tout reste \u00e0 faire !<\/strong><\/p>\n<p>Vous souhaitez participer \u00e0 ce beau projet collectif ? Alors pas une minute \u00e0 perdre !<\/p>\n<p><strong>Contactez-nous vite !<\/strong><\/p>\n<p><a href=\"mailto:loneseco.asso@gmail.com\">loneseco.asso@gmail.com<\/a><\/p>\n<p>06 51 12 12 17<\/p>\n<p>\u00a0<\/p>\n","protected":false},"excerpt":{"rendered":"<p>L&rsquo;ann\u00e9e 2021 est une ann\u00e9e charni\u00e8re pour l&rsquo;association puisqu&rsquo;un contrat tripartite\u00a0avec la Commune de Soyons et la Communaut\u00e9 de Communes Rh\u00f4ne Crussol (CCRC) a permis de mettre en place le dernier volet de notre programme avec la cr\u00e9ation d&rsquo;un jardin collectif en plein c\u0153ur du village. Ce potager, situ\u00e9 \u00e0 proximit\u00e9 de l&rsquo;\u00e9cole de la &hellip; <a href=\"https:\/\/loneseco-asso.fr\/?page_id=793\" class=\"more-link\">Continuer la lecture de <span class=\"screen-reader-text\">Les jardins<\/span>  <span class=\"meta-nav\">&rarr;<\/span><\/a><\/p>\n","protected":false},"author":1,"featured_media":0,"parent":0,"menu_order":0,"comment_status":"closed","ping_status":"closed","template":"","meta":{"footnotes":""},"class_list":["post-793","page","type-page","status-publish","hentry"],"_links":{"self":[{"href":"https:\/\/loneseco-asso.fr\/index.php?rest_route=\/wp\/v2\/pages\/793","targetHints":{"allow":["GET"]}}],"collection":[{"href":"https:\/\/loneseco-asso.fr\/index.php?rest_route=\/wp\/v2\/pages"}],"about":[{"href":"https:\/\/loneseco-asso.fr\/index.php?rest_route=\/wp\/v2\/types\/page"}],"author":[{"embeddable":true,"href":"https:\/\/loneseco-asso.fr\/index.php?rest_route=\/wp\/v2\/users\/1"}],"replies":[{"embeddable":true,"href":"https:\/\/loneseco-asso.fr\/index.php?rest_route=%2Fwp%2Fv2%2Fcomments&post=793"}],"version-history":[{"count":11,"href":"https:\/\/loneseco-asso.fr\/index.php?rest_route=\/wp\/v2\/pages\/793\/revisions"}],"predecessor-version":[{"id":1534,"href":"https:\/\/loneseco-asso.fr\/index.php?rest_route=\/wp\/v2\/pages\/793\/revisions\/1534"}],"wp:attachment":[{"href":"https:\/\/loneseco-asso.fr\/index.php?rest_route=%2Fwp%2Fv2%2Fmedia&parent=793"}],"curies":[{"name":"wp","href":"https:\/\/api.w.org\/{rel}","templated":true}]}}