{"id":770,"date":"2021-03-31T07:37:38","date_gmt":"2021-03-31T07:37:38","guid":{"rendered":"http:\/\/loneseco-asso.fr\/?page_id=770"},"modified":"2025-12-26T14:02:16","modified_gmt":"2025-12-26T14:02:16","slug":"weekend-eco-environnemental-soyons-fete-la-nature","status":"publish","type":"page","link":"https:\/\/loneseco-asso.fr\/?page_id=770","title":{"rendered":"Les temps forts"},"content":{"rendered":"\n<h1>March\u00e9 \u00e9co-environnemental Soyons f\u00eate la Nature<\/h1>\n<p style=\"text-align: justify;\">Ce march\u00e9 d\u00e9couverte est l&rsquo;\u00e9v\u00e9nement phare de l&rsquo;association !<\/p>\n<p style=\"text-align: justify;\">Il permet de rassembler des artisans, des producteurs, des professionnels, des associations, le tout dans une ambiance familiale et conviviale, o\u00f9 se m\u00ealent exposants, ateliers et animations pour tous, en ayant pour fils rouge le respect de l&rsquo;environnement, le recyclage, la Nature&#8230;<\/p>\n<p style=\"text-align: justify;\">Le but de ce moment festif est de permettre aux visiteurs de s&rsquo;informer sur ce qui se fait sur le territoire local et\/ou d&rsquo;acheter des produits de bonne qualit\u00e9, originaux et surtout locaux.<\/p>\n<p style=\"text-align: justify;\">Le <strong>rendez-vous 2026<\/strong> est donn\u00e9 le <b>samedi 6 Juin<\/b> de 10h \u00e0 18h pour le march\u00e9, suivi d&rsquo;un concert.<\/p>\n<h1>Un concours de soupe pour le T\u00e9l\u00e9thon en 2021<\/h1>\n<p style=\"text-align: justify;\">L\u00f4nes &amp;Co s&rsquo;est mobilis\u00e9 pour la bonne cause et organise un concours \u00e0 destination des Soyonnais de tous \u00e2ges sur le th\u00e8me \u00ab\u00a0les l\u00e9gumes de saison\u00a0\u00bb.<\/p>\n<p style=\"text-align: justify;\">Chacun a pr\u00e9par\u00e9 la soupe \u00e0 la maison en respectant le th\u00e8me, mais a pu l&rsquo;agr\u00e9menter \u00e0 sa convenance de viande, cro\u00fbtons, fromage&#8230; tant que c&rsquo;est local !<\/p>\n<p style=\"text-align: justify;\">Un vote a ensuite eu lieu pour d\u00e9terminer qui fait la meilleure soupe de Soyons et un lot a \u00e9t\u00e9 remis au vainqueur.<\/p>\n<p style=\"text-align: justify;\">Le reste de soupe a \u00e9t\u00e9 mis en vente au prix de 1\u20ac (minimum) la part, au profit du T\u00e9l\u00e9thon.<\/p>\n<p>\u00a0<\/p>\n<p>\u00a0<\/p>\n","protected":false},"excerpt":{"rendered":"<p>March\u00e9 \u00e9co-environnemental Soyons f\u00eate la Nature Ce march\u00e9 d\u00e9couverte est l&rsquo;\u00e9v\u00e9nement phare de l&rsquo;association ! Il permet de rassembler des artisans, des producteurs, des professionnels, des associations, le tout dans une ambiance familiale et conviviale, o\u00f9 se m\u00ealent exposants, ateliers et animations pour tous, en ayant pour fils rouge le respect de l&rsquo;environnement, le recyclage, &hellip; <a href=\"https:\/\/loneseco-asso.fr\/?page_id=770\" class=\"more-link\">Continuer la lecture de <span class=\"screen-reader-text\">Les temps forts<\/span>  <span class=\"meta-nav\">&rarr;<\/span><\/a><\/p>\n","protected":false},"author":1,"featured_media":0,"parent":0,"menu_order":0,"comment_status":"closed","ping_status":"closed","template":"","meta":{"footnotes":""},"class_list":["post-770","page","type-page","status-publish","hentry"],"_links":{"self":[{"href":"https:\/\/loneseco-asso.fr\/index.php?rest_route=\/wp\/v2\/pages\/770","targetHints":{"allow":["GET"]}}],"collection":[{"href":"https:\/\/loneseco-asso.fr\/index.php?rest_route=\/wp\/v2\/pages"}],"about":[{"href":"https:\/\/loneseco-asso.fr\/index.php?rest_route=\/wp\/v2\/types\/page"}],"author":[{"embeddable":true,"href":"https:\/\/loneseco-asso.fr\/index.php?rest_route=\/wp\/v2\/users\/1"}],"replies":[{"embeddable":true,"href":"https:\/\/loneseco-asso.fr\/index.php?rest_route=%2Fwp%2Fv2%2Fcomments&post=770"}],"version-history":[{"count":20,"href":"https:\/\/loneseco-asso.fr\/index.php?rest_route=\/wp\/v2\/pages\/770\/revisions"}],"predecessor-version":[{"id":1532,"href":"https:\/\/loneseco-asso.fr\/index.php?rest_route=\/wp\/v2\/pages\/770\/revisions\/1532"}],"wp:attachment":[{"href":"https:\/\/loneseco-asso.fr\/index.php?rest_route=%2Fwp%2Fv2%2Fmedia&parent=770"}],"curies":[{"name":"wp","href":"https:\/\/api.w.org\/{rel}","templated":true}]}}