{"id":764,"date":"2021-03-31T07:34:02","date_gmt":"2021-03-31T07:34:02","guid":{"rendered":"http:\/\/loneseco-asso.fr\/?page_id=764"},"modified":"2024-03-28T14:23:56","modified_gmt":"2024-03-28T14:23:56","slug":"les-ateliers","status":"publish","type":"page","link":"https:\/\/loneseco-asso.fr\/?page_id=764","title":{"rendered":"Les ateliers"},"content":{"rendered":"\n<h6>Cosm\u00e9tiques (r\u00e9serv\u00e9 aux personnes de plus de 12 ans)<\/h6>\n<p>En p\u00e9riode hivernale, prendre soin de soi est important, pour le corps, mais aussi pour le moral ! Faire ses propres cosm\u00e9tiques permet non seulement de passer un bon moment (lorsqu&rsquo;on peut les faire \u00e0 plusieurs), mais aussi ma\u00eetriser son budget, ou encore g\u00e9rer la qualit\u00e9 et la quantit\u00e9 des ingr\u00e9dients \u00e0 mettre dans vos recettes.<\/p>\n<p>Lors de cet ateliers, nous fournissons un carnet de recettes qui seront r\u00e9alis\u00e9es sur place, ainsi que les ingr\u00e9dients. <span style=\"text-decoration: underline;\">Vous apportez vos r\u00e9cipients dans lesquels vous emporterez vos r\u00e9alisations<\/span>, ainsi qu&rsquo;un crayon pour prendre des notes.<\/p>\n<p>Exemples de productions :<\/p>\n<ul>\n<li>d\u00e9odorant<\/li>\n<li>gommage visage et corps<\/li>\n<li>dentifrice\u00a0<\/li>\n<li>bombe de bain effervescente<\/li>\n<li>gommage peau s\u00e8che<\/li>\n<li>gommage peau grasse<\/li>\n<li>sels de bain lavande\/romarin<\/li>\n<\/ul>\n<h6>2) Pr\u00e9parons le printemps (accessible d\u00e8s 7 ans)<\/h6>\n<p>En mars, la v\u00e9g\u00e9tation se r\u00e9veille apr\u00e8s l&rsquo;hiver, il est donc temps de penser au jardin, que ce soit pour le potager ou pour les habitants qui vivent autour de nous.<\/p>\n<p>Exemple de r\u00e9alisations :<\/p>\n<ul>\n<li>bombes \u00e0 graines<\/li>\n<li>mangeoires \u00e0 oiseaux<\/li>\n<li>semis<\/li>\n<li>peinture sur galets<\/li>\n<li>techniques de bouturage\/repiquage<\/li>\n<\/ul>\n<h6>3) Produits m\u00e9nagers (r\u00e9serv\u00e9 aux personnes de plus de 12 ans)<\/h6>\n<p>Des \u00e9tudes annoncent que l&rsquo;int\u00e9rieur des habitations est 4 fois plus pollu\u00e9 que l&rsquo;ext\u00e9rieur. Si on ajoute \u00e0 \u00e7a des produits utilisant des ingr\u00e9dients nocifs pour la plan\u00e8te, \u00e7a n&rsquo;ira pas en s&rsquo;arrangeant !<\/p>\n<p>Alors apprenons \u00e0 r\u00e9aliser nos propres produits d&rsquo;entretien courant avec un minimum de produits et plus naturel que ceux fournis dans le commerce !<\/p>\n<p>Lors de cet ateliers, nous fournissons un carnet de recettes qui seront r\u00e9alis\u00e9es sur place, ainsi que les ingr\u00e9dients. <span style=\"text-decoration: underline;\">Vous apportez vos r\u00e9cipients dans lesquels vous emporterez vos r\u00e9alisations<\/span>, ainsi qu&rsquo;un crayon pour prendre des notes.<\/p>\n<p>Exemples de r\u00e9alisation :<\/p>\n<ul>\n<li>pastilles WC<\/li>\n<li>pastilles lave-vaisselle<\/li>\n<li>pierre d&rsquo;argile<\/li>\n<li>lessive au lierre<\/li>\n<li>nettoyant multi-usage<\/li>\n<li>adoucissant<\/li>\n<li>lessive \u00e0 la cendre<\/li>\n<\/ul>\n<h6>4) Atelier Tawashi et Furoshiki (accessible d\u00e8s 8 ans)<\/h6>\n<p>Lors de cet atelier, vous apprendrez \u00e0 r\u00e9aliser des \u00e9ponges \u00e0 partir des chaussettes esseul\u00e9es mais aussi \u00e0 pr\u00e9parer un No\u00ebl z\u00e9ro-d\u00e9chet avec des emballages cadeaux en tissus !<\/p>\n<p>Apportez-nous donc vos vieilles chaussettes trou\u00e9es (ou legging enfant !), mais aussi foulards, \u00e9charpes, ou autres !<\/p>\n<h6>5) Atelier d\u00e9co de No\u00ebl (accessible d\u00e8s 6 ans)<\/h6>\n<p>Lors de cet atelier, vous pourrez laisser libre court \u00e0 votre imagination pour confectionner une couronne (de porte ou de table), des bougeoirs, des petits objets \u00e0 mettre dans le sapin&#8230;<\/p>\n<p>Nous vous proposons de partir avec la d\u00e9co de votre choix parmi celles r\u00e9alis\u00e9es. Si vous souhaitez en emporter d&rsquo;autres, vous pourrez en \u00e9change de 2\u20ac\/d\u00e9co.<\/p>\n<p>Les r\u00e9alisations non emport\u00e9es seront vendues lors du T\u00e9l\u00e9thon et les b\u00e9n\u00e9fices de cette vente int\u00e9gralement revers\u00e9s.<\/p>\n","protected":false},"excerpt":{"rendered":"<p>Cosm\u00e9tiques (r\u00e9serv\u00e9 aux personnes de plus de 12 ans) En p\u00e9riode hivernale, prendre soin de soi est important, pour le corps, mais aussi pour le moral ! Faire ses propres cosm\u00e9tiques permet non seulement de passer un bon moment (lorsqu&rsquo;on peut les faire \u00e0 plusieurs), mais aussi ma\u00eetriser son budget, ou encore g\u00e9rer la qualit\u00e9 &hellip; <a href=\"https:\/\/loneseco-asso.fr\/?page_id=764\" class=\"more-link\">Continuer la lecture de <span class=\"screen-reader-text\">Les ateliers<\/span>  <span class=\"meta-nav\">&rarr;<\/span><\/a><\/p>\n","protected":false},"author":1,"featured_media":0,"parent":0,"menu_order":0,"comment_status":"closed","ping_status":"closed","template":"","meta":{"footnotes":""},"class_list":["post-764","page","type-page","status-publish","hentry"],"_links":{"self":[{"href":"https:\/\/loneseco-asso.fr\/index.php?rest_route=\/wp\/v2\/pages\/764","targetHints":{"allow":["GET"]}}],"collection":[{"href":"https:\/\/loneseco-asso.fr\/index.php?rest_route=\/wp\/v2\/pages"}],"about":[{"href":"https:\/\/loneseco-asso.fr\/index.php?rest_route=\/wp\/v2\/types\/page"}],"author":[{"embeddable":true,"href":"https:\/\/loneseco-asso.fr\/index.php?rest_route=\/wp\/v2\/users\/1"}],"replies":[{"embeddable":true,"href":"https:\/\/loneseco-asso.fr\/index.php?rest_route=%2Fwp%2Fv2%2Fcomments&post=764"}],"version-history":[{"count":11,"href":"https:\/\/loneseco-asso.fr\/index.php?rest_route=\/wp\/v2\/pages\/764\/revisions"}],"predecessor-version":[{"id":1331,"href":"https:\/\/loneseco-asso.fr\/index.php?rest_route=\/wp\/v2\/pages\/764\/revisions\/1331"}],"wp:attachment":[{"href":"https:\/\/loneseco-asso.fr\/index.php?rest_route=%2Fwp%2Fv2%2Fmedia&parent=764"}],"curies":[{"name":"wp","href":"https:\/\/api.w.org\/{rel}","templated":true}]}}