{"id":709,"date":"2021-02-03T07:41:59","date_gmt":"2021-02-03T07:41:59","guid":{"rendered":"http:\/\/loneseco-asso.fr\/?page_id=709"},"modified":"2026-02-02T20:27:54","modified_gmt":"2026-02-02T20:27:54","slug":"nos-offres-de-service","status":"publish","type":"page","link":"https:\/\/loneseco-asso.fr\/?page_id=709","title":{"rendered":"Nos offres de service"},"content":{"rendered":"\n<p>L&rsquo;association se veut dynamique et ouverte \u00e0 tous.<\/p>\n\n\n\n<p>Elle propose diff\u00e9rents temps forts et ateliers tout au long de l&rsquo;ann\u00e9e dont vous trouverez le d\u00e9tail dans les diff\u00e9rents menus.<\/p>\n\n\n\n<p>Beaucoup de projets sont encore dans les cartons car nous manquons \u00e0 ce jours de membres actifs et de b\u00e9n\u00e9voles pour pouvoir tout mettre en oeuvre tout en conservant notre vie de famille.<\/p>\n\n\n\n<p>Parmi ces projets en stand-by :<\/p>\n\n\n\n<ul class=\"wp-block-list\">\n<li>Un concours de soupe soyonnaise (au profit du T\u00e9l\u00e9thon)<\/li>\n\n\n\n<li>Un atelier \u00ab\u00a0cuisinons en famille\u00a0\u00bb (enfant\/parent)<\/li>\n\n\n\n<li>Un atelier \u00ab\u00a0conserverie\u00a0\u00bb<\/li>\n\n\n\n<li>Un atelier \u00ab\u00a0cuisine z\u00e9ro d\u00e9chet\u00a0\u00bb<\/li>\n\n\n\n<li>Des balades citoyennes (ramassage des d\u00e9chets en route)<\/li>\n\n\n\n<li>Des randonn\u00e9es \u00ab\u00a0d\u00e9couverte flore\/faune locale\u00a0\u00bb<\/li>\n\n\n\n<li>Un march\u00e9 gourmand (march\u00e9 de producteurs et restauration locale \u00e0 consommer sur place)<\/li>\n\n\n\n<li>La cr\u00e9ation (et la gestion) d&rsquo;un jardin partag\u00e9 (on recherche un terrain \u00e0 exploiter)<\/li>\n\n\n\n<li>Des caf\u00e9s d\u00e9bats autour du jardin (permaculture, bio ou raisonn\u00e9, troc de plantes, technique de cultures&#8230;)<\/li>\n\n\n\n<li>&#8230;<\/li>\n<\/ul>\n\n\n\n<p>Ce que nous souhaitons avant tout, c&rsquo;est de vous proposer un moment convivial, festif, an famille ou entre ami(e)s. C&rsquo;est du temps partag\u00e9.<\/p>\n\n\n\n<p>Si vous souhaitez nous rejoindre, contactez-nous vite !<\/p>\n\n\n","protected":false},"excerpt":{"rendered":"<p>L&rsquo;association se veut dynamique et ouverte \u00e0 tous. Elle propose diff\u00e9rents temps forts et ateliers tout au long de l&rsquo;ann\u00e9e dont vous trouverez le d\u00e9tail dans les diff\u00e9rents menus. Beaucoup de projets sont encore dans les cartons car nous manquons \u00e0 ce jours de membres actifs et de b\u00e9n\u00e9voles pour pouvoir tout mettre en oeuvre &hellip; <a href=\"https:\/\/loneseco-asso.fr\/?page_id=709\" class=\"more-link\">Continuer la lecture de <span class=\"screen-reader-text\">Nos offres de service<\/span>  <span class=\"meta-nav\">&rarr;<\/span><\/a><\/p>\n","protected":false},"author":1,"featured_media":0,"parent":0,"menu_order":0,"comment_status":"closed","ping_status":"closed","template":"","meta":{"footnotes":""},"class_list":["post-709","page","type-page","status-publish","hentry"],"_links":{"self":[{"href":"https:\/\/loneseco-asso.fr\/index.php?rest_route=\/wp\/v2\/pages\/709","targetHints":{"allow":["GET"]}}],"collection":[{"href":"https:\/\/loneseco-asso.fr\/index.php?rest_route=\/wp\/v2\/pages"}],"about":[{"href":"https:\/\/loneseco-asso.fr\/index.php?rest_route=\/wp\/v2\/types\/page"}],"author":[{"embeddable":true,"href":"https:\/\/loneseco-asso.fr\/index.php?rest_route=\/wp\/v2\/users\/1"}],"replies":[{"embeddable":true,"href":"https:\/\/loneseco-asso.fr\/index.php?rest_route=%2Fwp%2Fv2%2Fcomments&post=709"}],"version-history":[{"count":10,"href":"https:\/\/loneseco-asso.fr\/index.php?rest_route=\/wp\/v2\/pages\/709\/revisions"}],"predecessor-version":[{"id":1550,"href":"https:\/\/loneseco-asso.fr\/index.php?rest_route=\/wp\/v2\/pages\/709\/revisions\/1550"}],"wp:attachment":[{"href":"https:\/\/loneseco-asso.fr\/index.php?rest_route=%2Fwp%2Fv2%2Fmedia&parent=709"}],"curies":[{"name":"wp","href":"https:\/\/api.w.org\/{rel}","templated":true}]}}