{"id":4,"date":"2019-04-23T13:53:19","date_gmt":"2019-04-23T13:53:19","guid":{"rendered":"http:\/\/loneseco-asso.fr\/bienvenue-sur-http-loneseco-asso-fr"},"modified":"2025-05-12T09:57:17","modified_gmt":"2025-05-12T09:57:17","slug":"bienvenue-sur-http-loneseco-asso-fr","status":"publish","type":"page","link":"https:\/\/loneseco-asso.fr\/","title":{"rendered":"Et si on commen\u00e7ait \u00e0 consommer autrement ?"},"content":{"rendered":"<div class=\"wp-block-image\">\n<figure class=\"alignright\"><img loading=\"lazy\" decoding=\"async\" width=\"282\" height=\"178\" src=\"https:\/\/loneseco-asso.fr\/wp-content\/uploads\/2019\/04\/49937786_2115698438466397_2698287120375611392_n.jpg\" alt=\"\" class=\"wp-image-188\" srcset=\"https:\/\/loneseco-asso.fr\/wp-content\/uploads\/2019\/04\/49937786_2115698438466397_2698287120375611392_n.jpg 282w, https:\/\/loneseco-asso.fr\/wp-content\/uploads\/2019\/04\/49937786_2115698438466397_2698287120375611392_n-200x125.jpg 200w\" sizes=\"auto, (max-width: 282px) 100vw, 282px\" \/><\/figure>\n<\/div>\n\n\n<p><em>Le premier pas est toujours le plus difficile \u00e0 faire, mais lorsqu&rsquo;on est accompagn\u00e9\u00b7e, c&rsquo;est toujours plus facile d&rsquo;y aller.<\/em><\/p>\n\n\n\n<p><em>L\u00f4nes &amp;Co est une association soyonnaise \u00e0 but non lucratif, qui a pour objectif de sensibiliser le plus grand nombre \u00e0 changer ses habitudes, m\u00eame par de tous petits gestes au quotidien, pour pr\u00e9server les ressources que la Nature nous offre, en organisant des temps forts, des ateliers de DIY (cosm\u00e9tiques, produits m\u00e9nagers, jardinage&#8230;) et en cr\u00e9ant et en g\u00e9rant des jardins partag\u00e9s.<\/em><\/p>\n","protected":false},"excerpt":{"rendered":"<p>Le premier pas est toujours le plus difficile \u00e0 faire, mais lorsqu&rsquo;on est accompagn\u00e9\u00b7e, c&rsquo;est toujours plus facile d&rsquo;y aller. L\u00f4nes &amp;Co est une association soyonnaise \u00e0 but non lucratif, qui a pour objectif de sensibiliser le plus grand nombre \u00e0 changer ses habitudes, m\u00eame par de tous petits gestes au quotidien, pour pr\u00e9server les &hellip; <a href=\"https:\/\/loneseco-asso.fr\/\" class=\"more-link\">Continuer la lecture de <span class=\"screen-reader-text\">Et si on commen\u00e7ait \u00e0 consommer autrement ?<\/span>  <span class=\"meta-nav\">&rarr;<\/span><\/a><\/p>\n","protected":false},"author":1,"featured_media":0,"parent":0,"menu_order":0,"comment_status":"closed","ping_status":"open","template":"","meta":{"footnotes":""},"class_list":["post-4","page","type-page","status-publish","hentry"],"_links":{"self":[{"href":"https:\/\/loneseco-asso.fr\/index.php?rest_route=\/wp\/v2\/pages\/4","targetHints":{"allow":["GET"]}}],"collection":[{"href":"https:\/\/loneseco-asso.fr\/index.php?rest_route=\/wp\/v2\/pages"}],"about":[{"href":"https:\/\/loneseco-asso.fr\/index.php?rest_route=\/wp\/v2\/types\/page"}],"author":[{"embeddable":true,"href":"https:\/\/loneseco-asso.fr\/index.php?rest_route=\/wp\/v2\/users\/1"}],"replies":[{"embeddable":true,"href":"https:\/\/loneseco-asso.fr\/index.php?rest_route=%2Fwp%2Fv2%2Fcomments&post=4"}],"version-history":[{"count":15,"href":"https:\/\/loneseco-asso.fr\/index.php?rest_route=\/wp\/v2\/pages\/4\/revisions"}],"predecessor-version":[{"id":1510,"href":"https:\/\/loneseco-asso.fr\/index.php?rest_route=\/wp\/v2\/pages\/4\/revisions\/1510"}],"wp:attachment":[{"href":"https:\/\/loneseco-asso.fr\/index.php?rest_route=%2Fwp%2Fv2%2Fmedia&parent=4"}],"curies":[{"name":"wp","href":"https:\/\/api.w.org\/{rel}","templated":true}]}}