{"id":27,"date":"2019-04-23T14:39:30","date_gmt":"2019-04-23T14:39:30","guid":{"rendered":"http:\/\/loneseco-asso.fr\/?page_id=27"},"modified":"2025-12-26T13:46:55","modified_gmt":"2025-12-26T13:46:55","slug":"contactez-nous","status":"publish","type":"page","link":"https:\/\/loneseco-asso.fr\/?page_id=27","title":{"rendered":"Contactez-nous !"},"content":{"rendered":"\n<p>Pour nous joindre, rien de plus simple !<\/p>\n\n\n\n<p><strong>Par t\u00e9l\u00e9phone<\/strong> :&nbsp;+33 6 51 12 12 17<\/p>\n\n\n\n<p><strong>Par e-mail<\/strong> : <a href=\"mailto:loneseco.asso@gmail.com\" target=\"_blank\" rel=\"noopener noreferrer\">loneseco.asso@gmail.com<\/a>&nbsp;<\/p>\n\n\n\n<p><strong>Par courrier<\/strong> (<em>si\u00e8ge social<\/em>) : <br>140 impasse Cornaire<br>07130 SOYONS (en Ard\u00e8che !)<\/p>\n\n\n\n<p><strong>Sur place :<\/strong><\/p>\n<p><strong>Ateliers et r\u00e9unions<\/strong> : Salle Vioujas : 44.889723, 4.849294<br \/><strong>Soyons f\u00eate la Nature<\/strong> : Halle des Loisirs : 44.889287, 4.852184<\/p>\n\n\n\n<p><strong>Sur les r\u00e9seaux sociaux<\/strong> :<\/p>\n<ul>\n<li>Facebook : https:\/\/www.facebook.com\/LonesEco<\/li>\n<li>Instagram : https:\/\/instagram.com\/LonesEco\/<\/li>\n<\/ul>\n\n\n\n\n","protected":false},"excerpt":{"rendered":"<p>Pour nous joindre, rien de plus simple ! Par t\u00e9l\u00e9phone :&nbsp;+33 6 51 12 12 17 Par e-mail : loneseco.asso@gmail.com&nbsp; Par courrier (si\u00e8ge social) : 140 impasse Cornaire07130 SOYONS (en Ard\u00e8che !) Sur place : Ateliers et r\u00e9unions : Salle Vioujas : 44.889723, 4.849294Soyons f\u00eate la Nature : Halle des Loisirs : 44.889287, 4.852184 Sur &hellip; <a href=\"https:\/\/loneseco-asso.fr\/?page_id=27\" class=\"more-link\">Continuer la lecture de <span class=\"screen-reader-text\">Contactez-nous !<\/span>  <span class=\"meta-nav\">&rarr;<\/span><\/a><\/p>\n","protected":false},"author":1,"featured_media":0,"parent":0,"menu_order":0,"comment_status":"closed","ping_status":"closed","template":"","meta":{"footnotes":""},"class_list":["post-27","page","type-page","status-publish","hentry"],"_links":{"self":[{"href":"https:\/\/loneseco-asso.fr\/index.php?rest_route=\/wp\/v2\/pages\/27","targetHints":{"allow":["GET"]}}],"collection":[{"href":"https:\/\/loneseco-asso.fr\/index.php?rest_route=\/wp\/v2\/pages"}],"about":[{"href":"https:\/\/loneseco-asso.fr\/index.php?rest_route=\/wp\/v2\/types\/page"}],"author":[{"embeddable":true,"href":"https:\/\/loneseco-asso.fr\/index.php?rest_route=\/wp\/v2\/users\/1"}],"replies":[{"embeddable":true,"href":"https:\/\/loneseco-asso.fr\/index.php?rest_route=%2Fwp%2Fv2%2Fcomments&post=27"}],"version-history":[{"count":12,"href":"https:\/\/loneseco-asso.fr\/index.php?rest_route=\/wp\/v2\/pages\/27\/revisions"}],"predecessor-version":[{"id":1529,"href":"https:\/\/loneseco-asso.fr\/index.php?rest_route=\/wp\/v2\/pages\/27\/revisions\/1529"}],"wp:attachment":[{"href":"https:\/\/loneseco-asso.fr\/index.php?rest_route=%2Fwp%2Fv2%2Fmedia&parent=27"}],"curies":[{"name":"wp","href":"https:\/\/api.w.org\/{rel}","templated":true}]}}