{"id":238,"date":"2023-11-02T09:29:16","date_gmt":"2023-11-02T09:29:16","guid":{"rendered":"http:\/\/loneseco-asso.fr\/?page_id=238"},"modified":"2023-11-02T09:29:16","modified_gmt":"2023-11-02T09:29:16","slug":"documents-a-telecharger","status":"publish","type":"page","link":"https:\/\/loneseco-asso.fr\/?page_id=238","title":{"rendered":"Documents \u00e0  t\u00e9l\u00e9charger"},"content":{"rendered":"\n<p>S\u00e9lectionnez le document que vous souhaitez t\u00e9l\u00e9charger au format PDF :\u00a0<\/p>\n<ul>\n<li><a href=\"https:\/\/loneseco-asso.fr\/wp-content\/uploads\/2021\/02\/plaquette-Lones-Co-2021.pdf\" target=\"_blank\" rel=\"noopener\">Plaquette L\u00f4nes &amp;Co<\/a> (derni\u00e8re mise \u00e0 jour : Janvier 2021)<\/li>\n<li><a href=\"https:\/\/loneseco-asso.fr\/wp-content\/uploads\/2021\/01\/bulletin-Adhesion-v3.pdf\" target=\"_blank\" rel=\"noopener\">Bulletin d&rsquo;adh\u00e9sion<\/a><\/li>\n<\/ul>\n<p><b>Comptes-rendus<\/b><strong>\u00a0d&rsquo;Assembl\u00e9e g\u00e9n\u00e9rale<\/strong> :<\/p>\n<ul>\n<li><a href=\"https:\/\/loneseco-asso.fr\/wp-content\/uploads\/2020\/01\/PV-AG-2020-01-22.pdf\" target=\"_blank\" rel=\"noopener noreferrer\">Compte-rendu de l&rsquo;Assembl\u00e9e G\u00e9n\u00e9rale du 22 Janvier 2020<\/a><\/li>\n<li><a href=\"https:\/\/loneseco-asso.fr\/wp-content\/uploads\/2021\/02\/PV-AG-2021-01-15.pdf\" target=\"_blank\" rel=\"noopener\">Compte-rendu de l&rsquo;Assembl\u00e9e G\u00e9n\u00e9rale du 15 Janvier 2021<\/a><\/li>\n<li><a href=\"https:\/\/loneseco-asso.fr\/wp-content\/uploads\/2022\/02\/PV-AG-2022-01-14.pdf\" target=\"_blank\" rel=\"noopener\">Compte-rendu de l&rsquo;Assembl\u00e9e G\u00e9n\u00e9rale du 14 Janvier 2022<\/a>\u00a0<\/li>\n<li><a href=\"https:\/\/loneseco-asso.fr\/wp-content\/uploads\/2023\/11\/23-02-15-CR-AGE.pdf\" target=\"_blank\" rel=\"noopener\">Compte-rendu de l&rsquo;Assembl\u00e9e G\u00e9n\u00e9rale du 15 F\u00e9vrier 2023<\/a><\/li>\n<\/ul>\n<p><strong>Parcours de balade \u00e0 t\u00e9l\u00e9charger :<\/strong><\/p>\n<ul>\n<li><strong><a href=\"https:\/\/loneseco-asso.fr\/wp-content\/uploads\/2021\/05\/Parcours-nature-format-lecture.pdf\" target=\"_blank\" rel=\"noopener\">Parcours \u00ab\u00a0Nature\u00a0\u00bb<\/a>\u00a0<\/strong>: d\u00e9couvrez la faune et la flore locale le long des l\u00f4nes de Soyons<\/li>\n<li><a href=\"https:\/\/loneseco-asso.fr\/wp-content\/uploads\/2021\/05\/Parcours-historique-format-lecture.pdf\" target=\"_blank\" rel=\"noopener\"><strong>Parcours \u00ab\u00a0Sportif\u00a0\u00bb<\/strong><\/a>\u00a0: partez d\u00e9couvrir l&rsquo;histoire de Soyons, jusqu&rsquo;\u00e0 la Tour Pench\u00e9e<\/li>\n<li><strong><a href=\"https:\/\/loneseco-asso.fr\/wp-content\/uploads\/2021\/05\/Parcours-coeur-de-village-format-lecture.pdf\" target=\"_blank\" rel=\"noopener\">Parcours \u00ab\u00a0C\u0153ur de Village\u00a0\u00bb<\/a><\/strong> : Fl\u00e2nez dans les ruelles du vieux village de Soyons\u00a0<\/li>\n<\/ul>\n<p>\u00a0<\/p>\n","protected":false},"excerpt":{"rendered":"<p>S\u00e9lectionnez le document que vous souhaitez t\u00e9l\u00e9charger au format PDF :\u00a0 Plaquette L\u00f4nes &amp;Co (derni\u00e8re mise \u00e0 jour : Janvier 2021) Bulletin d&rsquo;adh\u00e9sion Comptes-rendus\u00a0d&rsquo;Assembl\u00e9e g\u00e9n\u00e9rale : Compte-rendu de l&rsquo;Assembl\u00e9e G\u00e9n\u00e9rale du 22 Janvier 2020 Compte-rendu de l&rsquo;Assembl\u00e9e G\u00e9n\u00e9rale du 15 Janvier 2021 Compte-rendu de l&rsquo;Assembl\u00e9e G\u00e9n\u00e9rale du 14 Janvier 2022\u00a0 Compte-rendu de l&rsquo;Assembl\u00e9e G\u00e9n\u00e9rale du &hellip; <a href=\"https:\/\/loneseco-asso.fr\/?page_id=238\" class=\"more-link\">Continuer la lecture de <span class=\"screen-reader-text\">Documents \u00e0  t\u00e9l\u00e9charger<\/span>  <span class=\"meta-nav\">&rarr;<\/span><\/a><\/p>\n","protected":false},"author":1,"featured_media":0,"parent":0,"menu_order":0,"comment_status":"closed","ping_status":"closed","template":"","meta":{"footnotes":""},"class_list":["post-238","page","type-page","status-publish","hentry"],"_links":{"self":[{"href":"https:\/\/loneseco-asso.fr\/index.php?rest_route=\/wp\/v2\/pages\/238","targetHints":{"allow":["GET"]}}],"collection":[{"href":"https:\/\/loneseco-asso.fr\/index.php?rest_route=\/wp\/v2\/pages"}],"about":[{"href":"https:\/\/loneseco-asso.fr\/index.php?rest_route=\/wp\/v2\/types\/page"}],"author":[{"embeddable":true,"href":"https:\/\/loneseco-asso.fr\/index.php?rest_route=\/wp\/v2\/users\/1"}],"replies":[{"embeddable":true,"href":"https:\/\/loneseco-asso.fr\/index.php?rest_route=%2Fwp%2Fv2%2Fcomments&post=238"}],"version-history":[{"count":18,"href":"https:\/\/loneseco-asso.fr\/index.php?rest_route=\/wp\/v2\/pages\/238\/revisions"}],"predecessor-version":[{"id":1270,"href":"https:\/\/loneseco-asso.fr\/index.php?rest_route=\/wp\/v2\/pages\/238\/revisions\/1270"}],"wp:attachment":[{"href":"https:\/\/loneseco-asso.fr\/index.php?rest_route=%2Fwp%2Fv2%2Fmedia&parent=238"}],"curies":[{"name":"wp","href":"https:\/\/api.w.org\/{rel}","templated":true}]}}